{"id":311,"date":"2024-02-18T10:45:19","date_gmt":"2024-02-18T09:45:19","guid":{"rendered":"https:\/\/www.iso2000-fermetures.com\/?page_id=311"},"modified":"2024-02-18T18:33:14","modified_gmt":"2024-02-18T17:33:14","slug":"portes-de-garage","status":"publish","type":"page","link":"https:\/\/www.iso2000-fermetures.com\/index.php\/portes-de-garage\/","title":{"rendered":"Portes de Garage"},"content":{"rendered":"<style>.kb-row-layout-id311_3c390c-31 > .kt-row-column-wrap{align-content:start;}:where(.kb-row-layout-id311_3c390c-31 > .kt-row-column-wrap) > .wp-block-kadence-column{justify-content:start;}.kb-row-layout-id311_3c390c-31 > .kt-row-column-wrap{column-gap:var(--global-kb-gap-md, 2rem);row-gap:var(--global-kb-gap-md, 2rem);padding-top:var(--global-kb-spacing-sm, 1.5rem);padding-bottom:var(--global-kb-spacing-sm, 1.5rem);grid-template-columns:minmax(0, 1fr);}.kb-row-layout-id311_3c390c-31 > .kt-row-layout-overlay{opacity:0.30;}@media all and (max-width: 1024px){.kb-row-layout-id311_3c390c-31 > .kt-row-column-wrap{grid-template-columns:minmax(0, 1fr);}}@media all and (max-width: 767px){.kb-row-layout-id311_3c390c-31 > .kt-row-column-wrap{grid-template-columns:minmax(0, 1fr);}}<\/style><div class=\"kb-row-layout-wrap kb-row-layout-id311_3c390c-31 alignnone wp-block-kadence-rowlayout\"><div class=\"kt-row-column-wrap kt-has-1-columns kt-row-layout-equal kt-tab-layout-inherit kt-mobile-layout-row kt-row-valign-top\">\n<style>.kadence-column311_ad2b2a-30 > .kt-inside-inner-col,.kadence-column311_ad2b2a-30 > .kt-inside-inner-col:before{border-top-left-radius:0px;border-top-right-radius:0px;border-bottom-right-radius:0px;border-bottom-left-radius:0px;}.kadence-column311_ad2b2a-30 > .kt-inside-inner-col{column-gap:var(--global-kb-gap-sm, 1rem);}.kadence-column311_ad2b2a-30 > .kt-inside-inner-col{flex-direction:column;}.kadence-column311_ad2b2a-30 > .kt-inside-inner-col > .aligncenter{width:100%;}.kadence-column311_ad2b2a-30 > .kt-inside-inner-col:before{opacity:0.3;}.kadence-column311_ad2b2a-30{position:relative;}@media all and (max-width: 1024px){.kadence-column311_ad2b2a-30 > .kt-inside-inner-col{flex-direction:column;}}@media all and (max-width: 767px){.kadence-column311_ad2b2a-30 > .kt-inside-inner-col{flex-direction:column;}}<\/style>\n<div class=\"wp-block-kadence-column kadence-column311_ad2b2a-30\"><div class=\"kt-inside-inner-col\"><style>.kb-row-layout-wrap.wp-block-kadence-rowlayout.kb-row-layout-id311_aab6fd-77{margin-top:0px;margin-bottom:0px;}.kb-row-layout-id311_aab6fd-77 > .kt-row-column-wrap{align-content:center;}:where(.kb-row-layout-id311_aab6fd-77 > .kt-row-column-wrap) > .wp-block-kadence-column{justify-content:center;}.kb-row-layout-id311_aab6fd-77 > .kt-row-column-wrap{column-gap:var(--global-kb-gap-none, 0rem );row-gap:var(--global-kb-gap-md, 2rem);max-width:var(--wp--style--global--content-size);padding-top:var(--global-kb-spacing-5xl, 10rem);padding-bottom:var(--global-kb-spacing-5xl, 10rem);grid-template-columns:minmax(0, 1fr);}.kb-row-layout-id311_aab6fd-77{background-image:url('https:\/\/www.iso2000-fermetures.com\/wp-content\/uploads\/2024\/02\/Photo-Interieur.jpg');background-size:cover;background-position:50% 42%;background-attachment:scroll;background-repeat:no-repeat;}.kb-row-layout-id311_aab6fd-77 > .kt-row-layout-overlay{opacity:0.90;background:linear-gradient(135deg,rgb(73,197,80) 0%,rgb(15,129,92) 100%);mix-blend-mode:normal;}.kb-row-layout-id311_aab6fd-77 .kt-row-layout-bottom-sep{height:100px;}.kb-row-layout-id311_aab6fd-77 .kt-row-layout-bottom-sep svg{width:100%;}.kb-row-layout-id311_aab6fd-77 .kt-row-layout-bottom-sep svg{fill:var(--global-palette9, #ffffff)!important;}@media all and (max-width: 1024px){.kb-row-layout-id311_aab6fd-77 > .kt-row-column-wrap{padding-top:var(--global-kb-spacing-4xl, 8rem);padding-bottom:var(--global-kb-spacing-md, 2rem);grid-template-columns:minmax(0, 1fr);}}@media all and (max-width: 1024px){.kb-row-layout-id311_aab6fd-77 .kt-row-layout-bottom-sep{height:px;}}@media all and (max-width: 1024px){.kb-row-layout-id311_aab6fd-77 .kt-row-layout-bottom-sep svg{width:%;}}@media all and (max-width: 767px){.kb-row-layout-id311_aab6fd-77 > .kt-row-column-wrap{padding-top:var(--global-kb-spacing-xl, 4rem);padding-bottom:var(--global-kb-spacing-xl, 4rem);grid-template-columns:minmax(0, 1fr);}.kb-row-layout-id311_aab6fd-77 .kt-row-layout-bottom-sep{height:px;}.kb-row-layout-id311_aab6fd-77 .kt-row-layout-bottom-sep svg{width:%;}}<\/style><div class=\"kb-row-layout-wrap kb-row-layout-id311_aab6fd-77 alignfull kt-row-has-bg kb-divider-static wp-block-kadence-rowlayout\"><div class=\"kt-row-layout-overlay kt-row-overlay-gradient\"><\/div><div class=\"kt-row-layout-bottom-sep kt-row-sep-type-sltl\"><svg viewBox=\"0 0 1000 100\" preserveAspectRatio=\"none\"><path d=\"M1000,0l-1000,100l1000,0l0,-100Z\" \/><\/svg><\/div><div class=\"kt-row-column-wrap kt-has-1-columns kt-row-layout-equal kt-tab-layout-inherit kt-mobile-layout-row kt-row-valign-middle kb-theme-content-width\">\n<style>.kadence-column311_7d9ef7-4b > .kt-inside-inner-col,.kadence-column311_7d9ef7-4b > .kt-inside-inner-col:before{border-top-left-radius:0px;border-top-right-radius:0px;border-bottom-right-radius:0px;border-bottom-left-radius:0px;}.kadence-column311_7d9ef7-4b > .kt-inside-inner-col{column-gap:var(--global-kb-gap-sm, 1rem);}.kadence-column311_7d9ef7-4b > .kt-inside-inner-col{flex-direction:column;}.kadence-column311_7d9ef7-4b > .kt-inside-inner-col > .aligncenter{width:100%;}.kadence-column311_7d9ef7-4b > .kt-inside-inner-col:before{opacity:0.3;}.kadence-column311_7d9ef7-4b{position:relative;}@media all and (max-width: 1024px){.kadence-column311_7d9ef7-4b > .kt-inside-inner-col{flex-direction:column;}}@media all and (max-width: 767px){.kadence-column311_7d9ef7-4b > .kt-inside-inner-col{flex-direction:column;}}<\/style>\n<div class=\"wp-block-kadence-column kadence-column311_7d9ef7-4b inner-column-1\"><div class=\"kt-inside-inner-col\"><style>.wp-block-kadence-advancedheading.kt-adv-heading311_5a40b8-11, .wp-block-kadence-advancedheading.kt-adv-heading311_5a40b8-11[data-kb-block=\"kb-adv-heading311_5a40b8-11\"]{font-size:80px;line-height:1.1;font-style:normal;letter-spacing:-2px;color:var(--global-palette9, #ffffff);}.wp-block-kadence-advancedheading.kt-adv-heading311_5a40b8-11 mark, .wp-block-kadence-advancedheading.kt-adv-heading311_5a40b8-11[data-kb-block=\"kb-adv-heading311_5a40b8-11\"] mark{font-style:normal;color:#f76a0c;padding-top:0px;padding-right:0px;padding-bottom:0px;padding-left:0px;}@media all and (max-width: 1024px){.wp-block-kadence-advancedheading.kt-adv-heading311_5a40b8-11, .wp-block-kadence-advancedheading.kt-adv-heading311_5a40b8-11[data-kb-block=\"kb-adv-heading311_5a40b8-11\"]{letter-spacing:-1px;font-size:var(--global-kb-font-size-xxl, 4rem);line-height:1.3;}}@media all and (max-width: 767px){.wp-block-kadence-advancedheading.kt-adv-heading311_5a40b8-11, .wp-block-kadence-advancedheading.kt-adv-heading311_5a40b8-11[data-kb-block=\"kb-adv-heading311_5a40b8-11\"]{font-size:45px;}}<\/style>\n<h1 class=\"kt-adv-heading311_5a40b8-11 wp-block-kadence-advancedheading has-theme-palette-9-color has-text-color\" data-kb-block=\"kb-adv-heading311_5a40b8-11\">Nos Portes de Garage<\/h1>\n<\/div><\/div>\n\n\n<style>.kadence-column311_3185da-4a > .kt-inside-inner-col,.kadence-column311_3185da-4a > .kt-inside-inner-col:before{border-top-left-radius:0px;border-top-right-radius:0px;border-bottom-right-radius:0px;border-bottom-left-radius:0px;}.kadence-column311_3185da-4a > .kt-inside-inner-col{column-gap:var(--global-kb-gap-sm, 1rem);}.kadence-column311_3185da-4a > .kt-inside-inner-col{flex-direction:column;}.kadence-column311_3185da-4a > .kt-inside-inner-col > .aligncenter{width:100%;}.kadence-column311_3185da-4a > .kt-inside-inner-col:before{opacity:0.3;}.kadence-column311_3185da-4a{position:relative;}@media all and (max-width: 1024px){.kadence-column311_3185da-4a > .kt-inside-inner-col{flex-direction:column;}}@media all and (max-width: 767px){.kadence-column311_3185da-4a > .kt-inside-inner-col{flex-direction:column;}}<\/style>\n<div class=\"wp-block-kadence-column kadence-column311_3185da-4a inner-column-2\"><div class=\"kt-inside-inner-col\"><\/div><\/div>\n\n<\/div><\/div><\/div><\/div>\n\n<\/div><\/div>\n\n<style>.kb-row-layout-id311_01e20e-64 > .kt-row-column-wrap{align-content:center;}:where(.kb-row-layout-id311_01e20e-64 > .kt-row-column-wrap) > .wp-block-kadence-column{justify-content:center;}.kb-row-layout-id311_01e20e-64 > .kt-row-column-wrap{column-gap:var(--global-kb-gap-none, 0rem );row-gap:var(--global-kb-gap-md, 2rem);max-width:var(--wp--style--global--content-size);grid-template-columns:repeat(2, minmax(0, 1fr));}.kb-row-layout-id311_01e20e-64{background-color:var(--global-palette9, #ffffff);}.kb-row-layout-id311_01e20e-64 > .kt-row-layout-overlay{opacity:0.30;}@media all and (max-width: 1024px){.kb-row-layout-id311_01e20e-64 > .kt-row-column-wrap{grid-template-columns:minmax(0, 1fr);}}@media all and (max-width: 767px){.kb-row-layout-id311_01e20e-64 > .kt-row-column-wrap{grid-template-columns:minmax(0, 1fr);}}<\/style><div class=\"kb-row-layout-wrap kb-row-layout-id311_01e20e-64 alignfull has-theme-palette9-background-color kt-row-has-bg wp-block-kadence-rowlayout\"><div class=\"kt-row-column-wrap kt-has-2-columns kt-row-layout-equal kt-tab-layout-row kt-mobile-layout-row kt-row-valign-middle kb-theme-content-width\">\n<style>.kadence-column311_87a860-a7, .kt-inside-inner-col > .kadence-column311_87a860-a7:not(.specificity){margin-right:var(--global-kb-spacing-xxl, 5rem);}.kadence-column311_87a860-a7 > .kt-inside-inner-col,.kadence-column311_87a860-a7 > .kt-inside-inner-col:before{border-top-left-radius:0px;border-top-right-radius:0px;border-bottom-right-radius:0px;border-bottom-left-radius:0px;}.kadence-column311_87a860-a7 > .kt-inside-inner-col{column-gap:var(--global-kb-gap-sm, 1rem);}.kadence-column311_87a860-a7 > .kt-inside-inner-col{flex-direction:column;}.kadence-column311_87a860-a7 > .kt-inside-inner-col > .aligncenter{width:100%;}.kadence-column311_87a860-a7 > .kt-inside-inner-col:before{opacity:0.3;}.kadence-column311_87a860-a7{position:relative;}@media all and (max-width: 1024px){.kadence-column311_87a860-a7, .kt-inside-inner-col > .kadence-column311_87a860-a7:not(.specificity){margin-right:0px;margin-bottom:var(--global-kb-spacing-md, 2rem);}}@media all and (max-width: 1024px){.kadence-column311_87a860-a7 > .kt-inside-inner-col{padding-right:var(--global-kb-spacing-3xl, 6.5rem);padding-left:var(--global-kb-spacing-3xl, 6.5rem);flex-direction:column;}}@media all and (max-width: 767px){.kadence-column311_87a860-a7 > .kt-inside-inner-col{padding-right:var(--global-kb-spacing-xxs, 0.5rem);padding-left:var(--global-kb-spacing-xxs, 0.5rem);flex-direction:column;}}<\/style>\n<div class=\"wp-block-kadence-column kadence-column311_87a860-a7 inner-column-1\"><div class=\"kt-inside-inner-col\"><style>.wp-block-kadence-advancedheading.kt-adv-heading311_e74590-83, .wp-block-kadence-advancedheading.kt-adv-heading311_e74590-83[data-kb-block=\"kb-adv-heading311_e74590-83\"]{margin-top:0px;margin-bottom:var(--global-kb-spacing-sm, 1.5rem);line-height:1.1;font-weight:500;font-style:normal;color:var(--global-palette1, #3182CE);}.wp-block-kadence-advancedheading.kt-adv-heading311_e74590-83 mark, .wp-block-kadence-advancedheading.kt-adv-heading311_e74590-83[data-kb-block=\"kb-adv-heading311_e74590-83\"] mark{font-style:normal;color:#f76a0c;padding-top:0px;padding-right:0px;padding-bottom:0px;padding-left:0px;}<\/style>\n<div class=\"kt-adv-heading311_e74590-83 wp-block-kadence-advancedheading has-theme-palette-1-color has-text-color\" data-kb-block=\"kb-adv-heading311_e74590-83\">Artisal &#8211; Iso2000 Fermetures \u00e0 Burnhaupt le bas<\/div>\n\n\n<style>.wp-block-kadence-advancedheading.kt-adv-heading311_339a17-93, .wp-block-kadence-advancedheading.kt-adv-heading311_339a17-93[data-kb-block=\"kb-adv-heading311_339a17-93\"]{margin-top:0px;margin-bottom:var(--global-kb-spacing-sm, 1.5rem);font-size:var(--global-kb-font-size-lg, 2rem);line-height:1.3;font-style:normal;color:var(--global-palette3, #1A202C);}.wp-block-kadence-advancedheading.kt-adv-heading311_339a17-93 mark, .wp-block-kadence-advancedheading.kt-adv-heading311_339a17-93[data-kb-block=\"kb-adv-heading311_339a17-93\"] mark{font-style:normal;color:#f76a0c;padding-top:0px;padding-right:0px;padding-bottom:0px;padding-left:0px;}<\/style>\n<h3 class=\"kt-adv-heading311_339a17-93 wp-block-kadence-advancedheading has-theme-palette-3-color has-text-color\" data-kb-block=\"kb-adv-heading311_339a17-93\">Simplifiez Votre Quotidien avec les Portes de Garage Artisal : S\u00e9curit\u00e9 et Confort Assur\u00e9s.<\/h3>\n\n\n\n<h4 class=\"wp-block-heading\">D\u00e9couvrez notre Large S\u00e9lection de Portes de Garage sur Mesure pour Prot\u00e9ger Votre V\u00e9hicule et Embellir Votre Propri\u00e9t\u00e9.<\/h4>\n\n\n<style>.wp-block-kadence-advancedheading.kt-adv-heading311_d6ac6e-89, .wp-block-kadence-advancedheading.kt-adv-heading311_d6ac6e-89[data-kb-block=\"kb-adv-heading311_d6ac6e-89\"]{margin-bottom:0px;line-height:1.6;font-style:normal;color:var(--global-palette4, #2D3748);}.wp-block-kadence-advancedheading.kt-adv-heading311_d6ac6e-89 mark, .wp-block-kadence-advancedheading.kt-adv-heading311_d6ac6e-89[data-kb-block=\"kb-adv-heading311_d6ac6e-89\"] mark{font-style:normal;color:#f76a0c;padding-top:0px;padding-right:0px;padding-bottom:0px;padding-left:0px;}<\/style>\n<p class=\"kt-adv-heading311_d6ac6e-89 wp-block-kadence-advancedheading has-theme-palette-4-color has-text-color\" data-kb-block=\"kb-adv-heading311_d6ac6e-89\">Vous recherchez une solution fiable et pratique pour votre garage ? Les portes de garage Artisal sont con\u00e7ues pour r\u00e9pondre \u00e0 vos besoins en mati\u00e8re de s\u00e9curit\u00e9, de praticit\u00e9 et d&rsquo;esth\u00e9tique. Avec notre vaste choix de portes de garage sur mesure, vous pouvez prot\u00e9ger votre v\u00e9hicule des intemp\u00e9ries et des intrusions tout en ajoutant une touche d&rsquo;\u00e9l\u00e9gance \u00e0 votre propri\u00e9t\u00e9. Que vous pr\u00e9f\u00e9riez une porte sectionnelle, basculante, enroulable ou lat\u00e9rale, nos experts sauront vous conseiller et installer la solution id\u00e9ale pour votre garage. Gr\u00e2ce \u00e0 nos portes de garage robustes et fiables, vous pourrez entrer et sortir de votre garage en toute tranquillit\u00e9, tout en ajoutant de la valeur \u00e0 votre maison. Simplifiez votre quotidien avec les portes de garage Artisal, et profitez d&rsquo;un confort optimal au quotidien.<\/p>\n\n\n\n<p><\/p>\n<\/div><\/div>\n\n\n<style>.kadence-column311_d161a6-1d, .kt-inside-inner-col > .kadence-column311_d161a6-1d:not(.specificity){margin-top:0px;margin-right:0px;margin-bottom:0px;margin-left:0px;}.kadence-column311_d161a6-1d > .kt-inside-inner-col,.kadence-column311_d161a6-1d > .kt-inside-inner-col:before{border-top-left-radius:0px;border-top-right-radius:0px;border-bottom-right-radius:0px;border-bottom-left-radius:0px;}.kadence-column311_d161a6-1d > .kt-inside-inner-col{column-gap:var(--global-kb-gap-sm, 1rem);}.kadence-column311_d161a6-1d > .kt-inside-inner-col{flex-direction:column;}.kadence-column311_d161a6-1d > .kt-inside-inner-col > .aligncenter{width:100%;}.kadence-column311_d161a6-1d > .kt-inside-inner-col:before{opacity:0.3;}.kadence-column311_d161a6-1d{position:relative;}@media all and (max-width: 1024px){.kadence-column311_d161a6-1d > .kt-inside-inner-col{padding-right:var(--global-kb-spacing-xs, 1rem);padding-left:var(--global-kb-spacing-xs, 1rem);flex-direction:column;}}@media all and (max-width: 767px){.kadence-column311_d161a6-1d > .kt-inside-inner-col{padding-right:var(--global-kb-spacing-xxs, 0.5rem);padding-left:var(--global-kb-spacing-xxs, 0.5rem);flex-direction:column;}}<\/style>\n<div class=\"wp-block-kadence-column kadence-column311_d161a6-1d inner-column-2\"><div class=\"kt-inside-inner-col\"><style>.kb-image311_ef7538-d3 .kb-image-has-overlay:after{opacity:0.3;}<\/style>\n<figure class=\"wp-block-kadence-image kb-image311_ef7538-d3 size-large\"><img loading=\"lazy\" decoding=\"async\" width=\"1024\" height=\"681\" src=\"https:\/\/www.iso2000-fermetures.com\/wp-content\/uploads\/2024\/02\/portedegarage-1024x681.jpg\" alt=\"\" class=\"kb-img wp-image-207\" srcset=\"https:\/\/www.iso2000-fermetures.com\/wp-content\/uploads\/2024\/02\/portedegarage-1024x681.jpg 1024w, https:\/\/www.iso2000-fermetures.com\/wp-content\/uploads\/2024\/02\/portedegarage-300x200.jpg 300w, https:\/\/www.iso2000-fermetures.com\/wp-content\/uploads\/2024\/02\/portedegarage-768x511.jpg 768w, https:\/\/www.iso2000-fermetures.com\/wp-content\/uploads\/2024\/02\/portedegarage-1536x1022.jpg 1536w, https:\/\/www.iso2000-fermetures.com\/wp-content\/uploads\/2024\/02\/portedegarage.jpg 1972w\" sizes=\"auto, (max-width: 1024px) 100vw, 1024px\" \/><\/figure>\n<\/div><\/div>\n\n<\/div><\/div>\n\n\n<figure class=\"wp-block-image size-large\"><img loading=\"lazy\" decoding=\"async\" width=\"1024\" height=\"214\" src=\"https:\/\/www.iso2000-fermetures.com\/wp-content\/uploads\/2024\/02\/Pictos-Artisal-1024x214.png\" alt=\"\" class=\"wp-image-72\" srcset=\"https:\/\/www.iso2000-fermetures.com\/wp-content\/uploads\/2024\/02\/Pictos-Artisal-1024x214.png 1024w, https:\/\/www.iso2000-fermetures.com\/wp-content\/uploads\/2024\/02\/Pictos-Artisal-300x63.png 300w, https:\/\/www.iso2000-fermetures.com\/wp-content\/uploads\/2024\/02\/Pictos-Artisal-768x160.png 768w, https:\/\/www.iso2000-fermetures.com\/wp-content\/uploads\/2024\/02\/Pictos-Artisal-1536x321.png 1536w, https:\/\/www.iso2000-fermetures.com\/wp-content\/uploads\/2024\/02\/Pictos-Artisal-2048x427.png 2048w\" sizes=\"auto, (max-width: 1024px) 100vw, 1024px\" \/><\/figure>\n","protected":false},"excerpt":{"rendered":"<p>Nos Portes de Garage Artisal &#8211; Iso2000 Fermetures \u00e0 Burnhaupt le bas Simplifiez Votre Quotidien avec les Portes de Garage [&hellip;]<\/p>\n","protected":false},"author":2,"featured_media":0,"parent":0,"menu_order":0,"comment_status":"closed","ping_status":"closed","template":"","meta":{"site-sidebar-layout":"default","site-content-layout":"","ast-site-content-layout":"","site-content-style":"default","site-sidebar-style":"default","ast-global-header-display":"","ast-banner-title-visibility":"","ast-main-header-display":"","ast-hfb-above-header-display":"","ast-hfb-below-header-display":"","ast-hfb-mobile-header-display":"","site-post-title":"","ast-breadcrumbs-content":"","ast-featured-img":"","footer-sml-layout":"","theme-transparent-header-meta":"","adv-header-id-meta":"","stick-header-meta":"","header-above-stick-meta":"","header-main-stick-meta":"","header-below-stick-meta":"","astra-migrate-meta-layouts":"default","ast-page-background-enabled":"default","ast-page-background-meta":{"desktop":{"background-color":"var(--ast-global-color-4)","background-image":"","background-repeat":"repeat","background-position":"center center","background-size":"auto","background-attachment":"scroll","background-type":"","background-media":"","overlay-type":"","overlay-color":"","overlay-gradient":""},"tablet":{"background-color":"","background-image":"","background-repeat":"repeat","background-position":"center center","background-size":"auto","background-attachment":"scroll","background-type":"","background-media":"","overlay-type":"","overlay-color":"","overlay-gradient":""},"mobile":{"background-color":"","background-image":"","background-repeat":"repeat","background-position":"center center","background-size":"auto","background-attachment":"scroll","background-type":"","background-media":"","overlay-type":"","overlay-color":"","overlay-gradient":""}},"ast-content-background-meta":{"desktop":{"background-color":"var(--ast-global-color-5)","background-image":"","background-repeat":"repeat","background-position":"center center","background-size":"auto","background-attachment":"scroll","background-type":"","background-media":"","overlay-type":"","overlay-color":"","overlay-gradient":""},"tablet":{"background-color":"var(--ast-global-color-5)","background-image":"","background-repeat":"repeat","background-position":"center center","background-size":"auto","background-attachment":"scroll","background-type":"","background-media":"","overlay-type":"","overlay-color":"","overlay-gradient":""},"mobile":{"background-color":"var(--ast-global-color-5)","background-image":"","background-repeat":"repeat","background-position":"center center","background-size":"auto","background-attachment":"scroll","background-type":"","background-media":"","overlay-type":"","overlay-color":"","overlay-gradient":""}},"footnotes":""},"class_list":["post-311","page","type-page","status-publish","hentry"],"_links":{"self":[{"href":"https:\/\/www.iso2000-fermetures.com\/index.php\/wp-json\/wp\/v2\/pages\/311","targetHints":{"allow":["GET"]}}],"collection":[{"href":"https:\/\/www.iso2000-fermetures.com\/index.php\/wp-json\/wp\/v2\/pages"}],"about":[{"href":"https:\/\/www.iso2000-fermetures.com\/index.php\/wp-json\/wp\/v2\/types\/page"}],"author":[{"embeddable":true,"href":"https:\/\/www.iso2000-fermetures.com\/index.php\/wp-json\/wp\/v2\/users\/2"}],"replies":[{"embeddable":true,"href":"https:\/\/www.iso2000-fermetures.com\/index.php\/wp-json\/wp\/v2\/comments?post=311"}],"version-history":[{"count":3,"href":"https:\/\/www.iso2000-fermetures.com\/index.php\/wp-json\/wp\/v2\/pages\/311\/revisions"}],"predecessor-version":[{"id":341,"href":"https:\/\/www.iso2000-fermetures.com\/index.php\/wp-json\/wp\/v2\/pages\/311\/revisions\/341"}],"wp:attachment":[{"href":"https:\/\/www.iso2000-fermetures.com\/index.php\/wp-json\/wp\/v2\/media?parent=311"}],"curies":[{"name":"wp","href":"https:\/\/api.w.org\/{rel}","templated":true}]}}